{"id":180,"date":"2025-05-23T21:17:15","date_gmt":"2025-05-23T21:17:15","guid":{"rendered":"https:\/\/szkolenia-ems.pl\/?page_id=180"},"modified":"2025-06-06T07:11:16","modified_gmt":"2025-06-06T07:11:16","slug":"kontakt","status":"publish","type":"page","link":"https:\/\/szkolenia-ems.pl\/index.php\/kontakt\/","title":{"rendered":"Kontakt"},"content":{"rendered":"\n<p>Skontaktuj si\u0119 telefonicznie, mailowo lub poprzez poni\u017cszy formularz kontaktowy.<\/p>\n\n\n\n<figure class=\"wp-block-image size-large\"><img loading=\"lazy\" decoding=\"async\" width=\"1024\" height=\"632\" src=\"http:\/\/szkolenia-ems.pl\/wp-content\/uploads\/2025\/05\/494812968_3086489831508307_7310122516995069244_n-15-1024x632.jpg\" alt=\"\" class=\"wp-image-75\" srcset=\"https:\/\/szkolenia-ems.pl\/wp-content\/uploads\/2025\/05\/494812968_3086489831508307_7310122516995069244_n-15-1024x632.jpg 1024w, https:\/\/szkolenia-ems.pl\/wp-content\/uploads\/2025\/05\/494812968_3086489831508307_7310122516995069244_n-15-300x185.jpg 300w, https:\/\/szkolenia-ems.pl\/wp-content\/uploads\/2025\/05\/494812968_3086489831508307_7310122516995069244_n-15-768x474.jpg 768w, https:\/\/szkolenia-ems.pl\/wp-content\/uploads\/2025\/05\/494812968_3086489831508307_7310122516995069244_n-15-1536x948.jpg 1536w, https:\/\/szkolenia-ems.pl\/wp-content\/uploads\/2025\/05\/494812968_3086489831508307_7310122516995069244_n-15.jpg 2048w\" sizes=\"auto, (max-width: 1024px) 100vw, 1024px\" \/><\/figure>\n\n\n\n<p><strong>mgr Edyta Miko\u015b<\/strong><\/p>\n\n\n\n<p><strong>Ratownik KPP\/Instruktor Pierwszej Pomocy <\/strong><\/p>\n\n\n\n<p><strong>tel.<\/strong> <strong>511 508 530<\/strong><\/p>\n\n\n\n<p><strong>e-mail: ems.szkolenia@gmail.com<\/strong><\/p>\n\n\n<div class=\"wpforms-container wpforms-container-full wpforms-block wpforms-block-b0026c25-6b6f-4a80-887d-3cff30540b21 wpforms-render-modern\" id=\"wpforms-174\"><form id=\"wpforms-form-174\" class=\"wpforms-validate wpforms-form wpforms-ajax-form\" data-formid=\"174\" method=\"post\" enctype=\"multipart\/form-data\" action=\"\/index.php\/wp-json\/wp\/v2\/pages\/180\" data-token=\"c09c6f584c77f3cfd2289bd118eb87ec\" data-token-time=\"1776594810\"><noscript class=\"wpforms-error-noscript\">Please enable JavaScript in your browser to complete this form.<\/noscript><div class=\"wpforms-hidden\" id=\"wpforms-error-noscript\">Please enable JavaScript in your browser to complete this form.<\/div><div class=\"wpforms-field-container\"><div id=\"wpforms-174-field_1-container\" class=\"wpforms-field wpforms-field-name\" data-field-id=\"1\"><fieldset><legend class=\"wpforms-field-label\">Imi\u0119 i nazwisko <span class=\"wpforms-required-label\" aria-hidden=\"true\">*<\/span><\/legend><div class=\"wpforms-field-row wpforms-field-medium\"><div class=\"wpforms-field-row-block wpforms-first wpforms-one-half\"><input type=\"text\" id=\"wpforms-174-field_1\" class=\"wpforms-field-name-first wpforms-field-required\" name=\"wpforms[fields][1][first]\" aria-errormessage=\"wpforms-174-field_1-error\" required><label for=\"wpforms-174-field_1\" class=\"wpforms-field-sublabel after\">First<\/label><\/div><div class=\"wpforms-field-row-block wpforms-one-half\"><input type=\"text\" id=\"wpforms-174-field_1-last\" class=\"wpforms-field-name-last wpforms-field-required\" name=\"wpforms[fields][1][last]\" aria-errormessage=\"wpforms-174-field_1-last-error\" required><label for=\"wpforms-174-field_1-last\" class=\"wpforms-field-sublabel after\">Last<\/label><\/div><\/div><\/fieldset><\/div><div id=\"wpforms-174-field_4-container\" class=\"wpforms-field wpforms-field-text\" data-field-id=\"4\"><label class=\"wpforms-field-label\" for=\"wpforms-174-field_4\">Nazwa plac\u00f3wki<\/label><input type=\"text\" id=\"wpforms-174-field_4\" class=\"wpforms-field-medium\" name=\"wpforms[fields][4]\" aria-errormessage=\"wpforms-174-field_4-error\" aria-describedby=\"wpforms-174-field_4-description\" ><div id=\"wpforms-174-field_4-description\" class=\"wpforms-field-description\">Podaj je\u015bli piszesz w sprawie szkolenia\/warsztatu dla firmy, instytucji, szko\u0142y, przedszkola itp.<\/div><\/div><div id=\"wpforms-174-field_2-container\" class=\"wpforms-field wpforms-field-email\" data-field-id=\"2\"><label class=\"wpforms-field-label\" for=\"wpforms-174-field_2\">Adres e-mail <span class=\"wpforms-required-label\" aria-hidden=\"true\">*<\/span><\/label><input type=\"email\" id=\"wpforms-174-field_2\" class=\"wpforms-field-medium wpforms-field-required\" name=\"wpforms[fields][2]\" spellcheck=\"false\" aria-errormessage=\"wpforms-174-field_2-error\" required><\/div><div id=\"wpforms-174-field_5-container\" class=\"wpforms-field wpforms-field-number\" data-field-id=\"5\"><label class=\"wpforms-field-label\" for=\"wpforms-174-field_5\">Telefon kontaktowy <span class=\"wpforms-required-label\" aria-hidden=\"true\">*<\/span><\/label><input type=\"number\" id=\"wpforms-174-field_5\" class=\"wpforms-field-medium wpforms-field-required\" name=\"wpforms[fields][5]\" step=\"any\" aria-errormessage=\"wpforms-174-field_5-error\" required><\/div><div id=\"wpforms-174-field_3-container\" class=\"wpforms-field wpforms-field-textarea\" data-field-id=\"3\"><label class=\"wpforms-field-label\" for=\"wpforms-174-field_3\">Komentarz lub wiadomo\u015b\u0107 <span class=\"wpforms-required-label\" aria-hidden=\"true\">*<\/span><\/label><textarea id=\"wpforms-174-field_3\" class=\"wpforms-field-medium wpforms-field-required\" name=\"wpforms[fields][3]\" aria-errormessage=\"wpforms-174-field_3-error\" aria-describedby=\"wpforms-174-field_3-description\" required><\/textarea><div id=\"wpforms-174-field_3-description\" class=\"wpforms-field-description\">W celu uzyskania wyceny i propozycji terminu prosz\u0119 o podanie rodzaju szkolenia\/warsztatu jakim s\u0105 Pa\u0144stwo zaintreresowani, szacunkow\u0105 liczb\u0119 os\u00f3b\/grup, dok\u0142adny adres &#8211; lokalizacj\u0119 szkolenia\/warsztat\u00f3w<\/div><\/div><div id=\"wpforms-174-field_8-container\" class=\"wpforms-field wpforms-field-checkbox\" data-field-id=\"8\"><fieldset><legend class=\"wpforms-field-label\">Akceptuj\u0119 polityk\u0119 prywatno\u015bci i wyra\u017cam zgod\u0119 na przetwarzanie moich danych osobowych na potrzeby wyceny i uzyskania odpowiedzi <span class=\"wpforms-required-label\" aria-hidden=\"true\">*<\/span><\/legend><ul id=\"wpforms-174-field_8\" class=\"wpforms-field-required\"><li class=\"choice-1 depth-1\"><input type=\"checkbox\" id=\"wpforms-174-field_8_1\" name=\"wpforms[fields][8][]\" value=\"TAK\" aria-errormessage=\"wpforms-174-field_8_1-error\" required ><label class=\"wpforms-field-label-inline\" for=\"wpforms-174-field_8_1\">TAK<\/label><\/li><\/ul><\/fieldset><\/div><\/div><!-- .wpforms-field-container --><div class=\"wpforms-submit-container\" ><input type=\"hidden\" name=\"wpforms[id]\" value=\"174\"><input type=\"hidden\" name=\"page_title\" value=\"\"><input type=\"hidden\" name=\"page_url\" value=\"https:\/\/szkolenia-ems.pl\/index.php\/wp-json\/wp\/v2\/pages\/180\"><input type=\"hidden\" name=\"url_referer\" value=\"\"><button type=\"submit\" name=\"wpforms[submit]\" id=\"wpforms-submit-174\" class=\"wpforms-submit\" data-alt-text=\"Wysy\u0142anie...\" data-submit-text=\"Prze\u015blij\" aria-live=\"assertive\" value=\"wpforms-submit\">Prze\u015blij<\/button><img loading=\"lazy\" decoding=\"async\" src=\"https:\/\/szkolenia-ems.pl\/wp-content\/plugins\/wpforms-lite\/assets\/images\/submit-spin.svg\" class=\"wpforms-submit-spinner\" style=\"display: none;\" width=\"26\" height=\"26\" alt=\"Loading\"><\/div><\/form><\/div>  <!-- .wpforms-container -->\n\n\n<p>Z zadasami przetwarzania danych osobowych i wykorzystania plik\u00f3w cookie zapoznasz si\u0119 <a href=\"https:\/\/szkolenia-ems.pl\/wp-admin\/post.php?post=279&amp;action=edit\"><strong>TUTAJ<\/strong><\/a><\/p>\n\n\n\n<p><\/p>\n","protected":false},"excerpt":{"rendered":"<p>Skontaktuj si\u0119 telefonicznie, mailowo lub poprzez poni\u017cszy formularz kontaktowy. mgr Edyta Miko\u015b Ratownik KPP\/Instruktor Pierwszej Pomocy tel. 511 508 530 e-mail: ems.szkolenia@gmail.com Z zadasami przetwarzania danych osobowych i wykorzystania plik\u00f3w cookie zapoznasz si\u0119 TUTAJ<\/p>\n","protected":false},"author":1,"featured_media":0,"parent":0,"menu_order":0,"comment_status":"closed","ping_status":"closed","template":"","meta":{"footnotes":""},"class_list":["post-180","page","type-page","status-publish","hentry"],"_links":{"self":[{"href":"https:\/\/szkolenia-ems.pl\/index.php\/wp-json\/wp\/v2\/pages\/180","targetHints":{"allow":["GET"]}}],"collection":[{"href":"https:\/\/szkolenia-ems.pl\/index.php\/wp-json\/wp\/v2\/pages"}],"about":[{"href":"https:\/\/szkolenia-ems.pl\/index.php\/wp-json\/wp\/v2\/types\/page"}],"author":[{"embeddable":true,"href":"https:\/\/szkolenia-ems.pl\/index.php\/wp-json\/wp\/v2\/users\/1"}],"replies":[{"embeddable":true,"href":"https:\/\/szkolenia-ems.pl\/index.php\/wp-json\/wp\/v2\/comments?post=180"}],"version-history":[{"count":7,"href":"https:\/\/szkolenia-ems.pl\/index.php\/wp-json\/wp\/v2\/pages\/180\/revisions"}],"predecessor-version":[{"id":287,"href":"https:\/\/szkolenia-ems.pl\/index.php\/wp-json\/wp\/v2\/pages\/180\/revisions\/287"}],"wp:attachment":[{"href":"https:\/\/szkolenia-ems.pl\/index.php\/wp-json\/wp\/v2\/media?parent=180"}],"curies":[{"name":"wp","href":"https:\/\/api.w.org\/{rel}","templated":true}]}}