{"id":209,"date":"2025-05-23T21:58:36","date_gmt":"2025-05-23T21:58:36","guid":{"rendered":"https:\/\/szkolenia-ems.pl\/?page_id=209"},"modified":"2025-06-08T19:49:25","modified_gmt":"2025-06-08T19:49:25","slug":"o-mnie","status":"publish","type":"page","link":"https:\/\/szkolenia-ems.pl\/index.php\/o-mnie\/","title":{"rendered":"O mnie"},"content":{"rendered":"\n<div class=\"wp-block-group alignfull has-accent-background-color has-background has-global-padding is-layout-constrained wp-container-core-group-is-layout-669513ed wp-block-group-is-layout-constrained\" style=\"margin-top:0;margin-bottom:0;padding-top:var(--wp--preset--spacing--50);padding-right:var(--wp--preset--spacing--50);padding-bottom:var(--wp--preset--spacing--50);padding-left:var(--wp--preset--spacing--50)\">\n<div class=\"wp-block-columns alignwide is-layout-flex wp-container-core-columns-is-layout-1da03c2a wp-block-columns-is-layout-flex\">\n<div class=\"wp-block-column is-vertically-aligned-stretch is-layout-flow wp-block-column-is-layout-flow\" style=\"flex-basis:50%\">\n<div class=\"wp-block-group is-vertical is-content-justification-stretch is-layout-flex wp-container-core-group-is-layout-444d5ee8 wp-block-group-is-layout-flex\" style=\"min-height:100%\">\n<p class=\"has-heading-font-family has-x-large-font-size\" style=\"line-height:1.2\">Nazywam si\u0119 Edyta Miko\u015b. Jestem Ratownikiem Kwalifikowanej Pierwszej Pomocy oraz Instruktorem Pierwszej Pomocy. Uko\u0144czy\u0142am studia podyplomowe z zakresu edukacji dla bezpiecze\u0144stwa oraz posiadam uprawnienia do prowadzenia zaj\u0119\u0107 edukacyjnych z zakresu pierwszej pomocy przedmedycznej.<\/p>\n<\/div>\n<\/div>\n\n\n\n<div class=\"wp-block-column is-vertically-aligned-center is-layout-flow wp-block-column-is-layout-flow\" style=\"flex-basis:50%\">\n<figure class=\"wp-block-image size-full is-style-rounded is-style-rounded--1\"><img loading=\"lazy\" decoding=\"async\" width=\"601\" height=\"752\" src=\"http:\/\/szkolenia-ems.pl\/wp-content\/uploads\/2025\/05\/480969391_3013557165468241_952213102610270746_n.jpg\" alt=\"\" class=\"wp-image-149\" style=\"aspect-ratio:3\/4;object-fit:cover\" srcset=\"https:\/\/szkolenia-ems.pl\/wp-content\/uploads\/2025\/05\/480969391_3013557165468241_952213102610270746_n.jpg 601w, https:\/\/szkolenia-ems.pl\/wp-content\/uploads\/2025\/05\/480969391_3013557165468241_952213102610270746_n-240x300.jpg 240w\" sizes=\"auto, (max-width: 601px) 100vw, 601px\" \/><\/figure>\n<\/div>\n<\/div>\n<\/div>\n\n\n\n<div class=\"wp-block-group alignfull is-content-justification-center is-nowrap is-layout-flex wp-container-core-group-is-layout-357919b8 wp-block-group-is-layout-flex\" style=\"margin-top:0;margin-bottom:0;padding-top:var(--wp--preset--spacing--50);padding-right:var(--wp--preset--spacing--50);padding-bottom:var(--wp--preset--spacing--50);padding-left:var(--wp--preset--spacing--50)\">\n<div class=\"wp-block-cover\"><span aria-hidden=\"true\" class=\"wp-block-cover__background has-background-dim\"><\/span><div class=\"wp-block-cover__inner-container is-layout-flow wp-block-cover-is-layout-flow\">\n<div class=\"wp-block-group has-global-padding is-layout-constrained wp-block-group-is-layout-constrained\">\n<div class=\"wp-block-columns is-layout-flex wp-container-core-columns-is-layout-28f84493 wp-block-columns-is-layout-flex\">\n<div class=\"wp-block-column is-layout-flow wp-block-column-is-layout-flow\" style=\"flex-basis:100%\">\n<figure class=\"wp-block-gallery has-nested-images columns-default is-cropped wp-block-gallery-6 is-layout-flex wp-block-gallery-is-layout-flex\">\n<figure class=\"wp-block-image size-large is-style-rounded is-style-rounded--2\"><img loading=\"lazy\" decoding=\"async\" width=\"768\" height=\"1024\" data-id=\"222\" src=\"https:\/\/szkolenia-ems.pl\/wp-content\/uploads\/2025\/05\/IMG_9243-768x1024.jpg\" alt=\"\" class=\"wp-image-222\" srcset=\"https:\/\/szkolenia-ems.pl\/wp-content\/uploads\/2025\/05\/IMG_9243-768x1023.jpg 768w, https:\/\/szkolenia-ems.pl\/wp-content\/uploads\/2025\/05\/IMG_9243-225x300.jpg 225w, https:\/\/szkolenia-ems.pl\/wp-content\/uploads\/2025\/05\/IMG_9243-1153x1536.jpg 1153w, https:\/\/szkolenia-ems.pl\/wp-content\/uploads\/2025\/05\/IMG_9243-1537x2048.jpg 1537w, https:\/\/szkolenia-ems.pl\/wp-content\/uploads\/2025\/05\/IMG_9243.jpg 1576w\" sizes=\"auto, (max-width: 768px) 100vw, 768px\" \/><\/figure>\n\n\n\n<figure class=\"wp-block-image size-large is-style-rounded is-style-rounded--3\"><img loading=\"lazy\" decoding=\"async\" width=\"768\" height=\"1024\" data-id=\"220\" src=\"https:\/\/szkolenia-ems.pl\/wp-content\/uploads\/2025\/05\/IMG_9241-768x1024.jpg\" alt=\"\" class=\"wp-image-220\" srcset=\"https:\/\/szkolenia-ems.pl\/wp-content\/uploads\/2025\/05\/IMG_9241-768x1024.jpg 768w, https:\/\/szkolenia-ems.pl\/wp-content\/uploads\/2025\/05\/IMG_9241-225x300.jpg 225w, https:\/\/szkolenia-ems.pl\/wp-content\/uploads\/2025\/05\/IMG_9241-1153x1536.jpg 1153w, https:\/\/szkolenia-ems.pl\/wp-content\/uploads\/2025\/05\/IMG_9241-1537x2048.jpg 1537w, https:\/\/szkolenia-ems.pl\/wp-content\/uploads\/2025\/05\/IMG_9241.jpg 1575w\" sizes=\"auto, (max-width: 768px) 100vw, 768px\" \/><\/figure>\n\n\n\n<figure class=\"wp-block-image size-large is-style-rounded is-style-rounded--4\"><img loading=\"lazy\" decoding=\"async\" width=\"768\" height=\"1024\" data-id=\"221\" src=\"https:\/\/szkolenia-ems.pl\/wp-content\/uploads\/2025\/05\/IMG_9240-768x1024.jpg\" alt=\"\" class=\"wp-image-221\" srcset=\"https:\/\/szkolenia-ems.pl\/wp-content\/uploads\/2025\/05\/IMG_9240-768x1024.jpg 768w, https:\/\/szkolenia-ems.pl\/wp-content\/uploads\/2025\/05\/IMG_9240-225x300.jpg 225w, https:\/\/szkolenia-ems.pl\/wp-content\/uploads\/2025\/05\/IMG_9240-1153x1536.jpg 1153w, https:\/\/szkolenia-ems.pl\/wp-content\/uploads\/2025\/05\/IMG_9240-1537x2048.jpg 1537w, https:\/\/szkolenia-ems.pl\/wp-content\/uploads\/2025\/05\/IMG_9240.jpg 1575w\" sizes=\"auto, (max-width: 768px) 100vw, 768px\" \/><\/figure>\n\n\n\n<figure class=\"wp-block-image size-large is-style-rounded is-style-rounded--5\"><img loading=\"lazy\" decoding=\"async\" width=\"768\" height=\"1024\" data-id=\"223\" src=\"https:\/\/szkolenia-ems.pl\/wp-content\/uploads\/2025\/05\/IMG_9242-768x1024.jpg\" alt=\"\" class=\"wp-image-223\" srcset=\"https:\/\/szkolenia-ems.pl\/wp-content\/uploads\/2025\/05\/IMG_9242-768x1024.jpg 768w, https:\/\/szkolenia-ems.pl\/wp-content\/uploads\/2025\/05\/IMG_9242-225x300.jpg 225w, https:\/\/szkolenia-ems.pl\/wp-content\/uploads\/2025\/05\/IMG_9242-1152x1536.jpg 1152w, https:\/\/szkolenia-ems.pl\/wp-content\/uploads\/2025\/05\/IMG_9242-1536x2048.jpg 1536w, https:\/\/szkolenia-ems.pl\/wp-content\/uploads\/2025\/05\/IMG_9242-scaled.jpg 1920w\" sizes=\"auto, (max-width: 768px) 100vw, 768px\" \/><\/figure>\n<\/figure>\n<\/div>\n<\/div>\n<\/div>\n<\/div><\/div>\n<\/div>\n\n\n\n<div class=\"wp-block-group alignfull has-accent-5-background-color has-background has-global-padding is-layout-constrained wp-container-core-group-is-layout-d89aad35 wp-block-group-is-layout-constrained\" style=\"margin-top:0;margin-bottom:0;padding-top:var(--wp--preset--spacing--50);padding-right:var(--wp--preset--spacing--50);padding-bottom:var(--wp--preset--spacing--50);padding-left:var(--wp--preset--spacing--50)\">\n<div class=\"wp-block-columns alignwide is-layout-flex wp-container-core-columns-is-layout-1da03c2a wp-block-columns-is-layout-flex\">\n<div class=\"wp-block-column is-vertically-aligned-center is-layout-flow wp-block-column-is-layout-flow\" style=\"flex-basis:60%\">\n<figure class=\"wp-block-image size-full is-style-rounded wp-duotone-duotone-1 is-style-rounded--7\"><img loading=\"lazy\" decoding=\"async\" width=\"2048\" height=\"1536\" src=\"http:\/\/szkolenia-ems.pl\/wp-content\/uploads\/2025\/06\/20cf2ce9-4477-4307-a9e1-09b1bd0843d0.jpg\" alt=\"\" class=\"wp-image-342\" style=\"aspect-ratio:4\/3;object-fit:cover\" srcset=\"https:\/\/szkolenia-ems.pl\/wp-content\/uploads\/2025\/06\/20cf2ce9-4477-4307-a9e1-09b1bd0843d0.jpg 2048w, https:\/\/szkolenia-ems.pl\/wp-content\/uploads\/2025\/06\/20cf2ce9-4477-4307-a9e1-09b1bd0843d0-300x225.jpg 300w, https:\/\/szkolenia-ems.pl\/wp-content\/uploads\/2025\/06\/20cf2ce9-4477-4307-a9e1-09b1bd0843d0-1024x768.jpg 1024w, https:\/\/szkolenia-ems.pl\/wp-content\/uploads\/2025\/06\/20cf2ce9-4477-4307-a9e1-09b1bd0843d0-768x576.jpg 768w, https:\/\/szkolenia-ems.pl\/wp-content\/uploads\/2025\/06\/20cf2ce9-4477-4307-a9e1-09b1bd0843d0-1536x1152.jpg 1536w\" sizes=\"auto, (max-width: 2048px) 100vw, 2048px\" \/><\/figure>\n<\/div>\n\n\n\n<div class=\"wp-block-column is-layout-flow wp-block-column-is-layout-flow\" style=\"flex-basis:40%\">\n<h2 class=\"wp-block-heading\">Pracuj\u0119 na profesjonalnym sprz\u0119cie<\/h2>\n\n\n\n<p>Wybieraj\u0105c moje szkolenia i warsztaty, masz pewno\u015b\u0107, \u017ce b\u0119d\u0105 one poprowadzone z najwi\u0119ksz\u0105 staranno\u015bci\u0105 i zaanga\u017cowaniem w spos\u00f3b profesjonalny. Pracuj\u0119 na fantomach z serii Little Family Laerdal QCPR. Uczestnik szkole\u0144\/warsztat\u00f3w ma mo\u017cliwo\u015b\u0107 bie\u017c\u0105cego \u015bledzenia i monitorowania efektywno\u015bci, dok\u0142adno\u015bci i poprawno\u015bci wykonywanych \u0107wicze\u0144. \u0106wiczymy na fantomach osoby doros\u0142ej, dziecka, a tak\u017ce niemowl\u0119cia. Wykorzystuj\u0119 profesjonalne kamizelki treningowe dla os\u00f3b doros\u0142ych oraz dzieci ACT FAST do nauki r\u0119koczynu Heimlicha (odd\u0142awianie). Dodatkowo obs\u0142ugujemy szkoleniowe modele AED, ucz\u0105c si\u0119 wykorzystania go w praktyce. <\/p>\n\n\n\n<div class=\"wp-block-buttons is-layout-flex wp-block-buttons-is-layout-flex\"><\/div>\n<\/div>\n<\/div>\n<\/div>\n\n\n\n<p><\/p>\n","protected":false},"excerpt":{"rendered":"<p>Nazywam si\u0119 Edyta Miko\u015b. Jestem Ratownikiem Kwalifikowanej Pierwszej Pomocy oraz Instruktorem Pierwszej Pomocy. Uko\u0144czy\u0142am studia podyplomowe z zakresu edukacji dla bezpiecze\u0144stwa oraz posiadam uprawnienia do prowadzenia zaj\u0119\u0107 edukacyjnych z zakresu pierwszej pomocy przedmedycznej. Pracuj\u0119 na profesjonalnym sprz\u0119cie Wybieraj\u0105c moje szkolenia i warsztaty, masz pewno\u015b\u0107, \u017ce b\u0119d\u0105 one poprowadzone z najwi\u0119ksz\u0105 staranno\u015bci\u0105 i zaanga\u017cowaniem w spos\u00f3b [&hellip;]<\/p>\n","protected":false},"author":1,"featured_media":0,"parent":0,"menu_order":0,"comment_status":"closed","ping_status":"closed","template":"","meta":{"footnotes":""},"class_list":["post-209","page","type-page","status-publish","hentry"],"_links":{"self":[{"href":"https:\/\/szkolenia-ems.pl\/index.php\/wp-json\/wp\/v2\/pages\/209","targetHints":{"allow":["GET"]}}],"collection":[{"href":"https:\/\/szkolenia-ems.pl\/index.php\/wp-json\/wp\/v2\/pages"}],"about":[{"href":"https:\/\/szkolenia-ems.pl\/index.php\/wp-json\/wp\/v2\/types\/page"}],"author":[{"embeddable":true,"href":"https:\/\/szkolenia-ems.pl\/index.php\/wp-json\/wp\/v2\/users\/1"}],"replies":[{"embeddable":true,"href":"https:\/\/szkolenia-ems.pl\/index.php\/wp-json\/wp\/v2\/comments?post=209"}],"version-history":[{"count":8,"href":"https:\/\/szkolenia-ems.pl\/index.php\/wp-json\/wp\/v2\/pages\/209\/revisions"}],"predecessor-version":[{"id":355,"href":"https:\/\/szkolenia-ems.pl\/index.php\/wp-json\/wp\/v2\/pages\/209\/revisions\/355"}],"wp:attachment":[{"href":"https:\/\/szkolenia-ems.pl\/index.php\/wp-json\/wp\/v2\/media?parent=209"}],"curies":[{"name":"wp","href":"https:\/\/api.w.org\/{rel}","templated":true}]}}