{"id":300,"date":"2025-06-06T07:40:15","date_gmt":"2025-06-06T07:40:15","guid":{"rendered":"https:\/\/szkolenia-ems.pl\/?page_id=300"},"modified":"2025-06-08T21:05:02","modified_gmt":"2025-06-08T21:05:02","slug":"oferta-szkolen-z-pierwszej-pomocy","status":"publish","type":"page","link":"https:\/\/szkolenia-ems.pl\/index.php\/oferta-szkolen-z-pierwszej-pomocy\/","title":{"rendered":"OFERTA SZKOLE\u0143 Z PIERWSZEJ POMOCY"},"content":{"rendered":"\n<div class=\"wp-block-media-text is-stacked-on-mobile has-accent-5-background-color has-background\"><figure class=\"wp-block-media-text__media\"><img loading=\"lazy\" decoding=\"async\" width=\"1024\" height=\"683\" src=\"http:\/\/szkolenia-ems.pl\/wp-content\/uploads\/2025\/05\/Zdjecie237-1-1024x683.jpg\" alt=\"\" class=\"wp-image-140 size-full\" srcset=\"https:\/\/szkolenia-ems.pl\/wp-content\/uploads\/2025\/05\/Zdjecie237-1-1024x683.jpg 1024w, https:\/\/szkolenia-ems.pl\/wp-content\/uploads\/2025\/05\/Zdjecie237-1-300x200.jpg 300w, https:\/\/szkolenia-ems.pl\/wp-content\/uploads\/2025\/05\/Zdjecie237-1-768x512.jpg 768w, https:\/\/szkolenia-ems.pl\/wp-content\/uploads\/2025\/05\/Zdjecie237-1.jpg 1384w\" sizes=\"auto, (max-width: 1024px) 100vw, 1024px\" \/><\/figure><div class=\"wp-block-media-text__content\">\n<p class=\"has-text-align-center has-large-font-size\"><a href=\"https:\/\/szkolenia-ems.pl\/index.php\/2025\/05\/21\/szkolenia-pierwszej-pomocy-dla-firm-i-instytucji\/\">Szkolenia dla Firm i Instytucji<\/a><\/p>\n<\/div><\/div>\n\n\n\n<div class=\"wp-block-media-text is-stacked-on-mobile has-accent-5-background-color has-background\"><figure class=\"wp-block-media-text__media\"><img loading=\"lazy\" decoding=\"async\" width=\"768\" height=\"1024\" src=\"http:\/\/szkolenia-ems.pl\/wp-content\/uploads\/2025\/06\/IMG_0437-768x1024.jpg\" alt=\"\" class=\"wp-image-317 size-full\" srcset=\"https:\/\/szkolenia-ems.pl\/wp-content\/uploads\/2025\/06\/IMG_0437-768x1024.jpg 768w, https:\/\/szkolenia-ems.pl\/wp-content\/uploads\/2025\/06\/IMG_0437-225x300.jpg 225w, https:\/\/szkolenia-ems.pl\/wp-content\/uploads\/2025\/06\/IMG_0437-1152x1536.jpg 1152w, https:\/\/szkolenia-ems.pl\/wp-content\/uploads\/2025\/06\/IMG_0437-1536x2048.jpg 1536w, https:\/\/szkolenia-ems.pl\/wp-content\/uploads\/2025\/06\/IMG_0437-scaled.jpg 1920w\" sizes=\"auto, (max-width: 768px) 100vw, 768px\" \/><\/figure><div class=\"wp-block-media-text__content\">\n<p class=\"has-text-align-center has-large-font-size\"><a href=\"https:\/\/szkolenia-ems.pl\/index.php\/2025\/05\/21\/szkolenia-dla-nauczycieli-i-pracownikow-oswiaty\/\">Szkolenia z pierwszej pomocy pediatrycznej dla opiekun\u00f3w dzieci w \u017c\u0142obkach, klubach dzieci\u0119cych i przedszkolach<\/a><\/p>\n<\/div><\/div>\n\n\n\n<div class=\"wp-block-media-text is-stacked-on-mobile has-accent-5-background-color has-background\"><figure class=\"wp-block-media-text__media\"><img loading=\"lazy\" decoding=\"async\" width=\"1024\" height=\"768\" src=\"http:\/\/szkolenia-ems.pl\/wp-content\/uploads\/2025\/06\/IMG_0405-1024x768.jpg\" alt=\"\" class=\"wp-image-335 size-full\" srcset=\"https:\/\/szkolenia-ems.pl\/wp-content\/uploads\/2025\/06\/IMG_0405-1024x768.jpg 1024w, https:\/\/szkolenia-ems.pl\/wp-content\/uploads\/2025\/06\/IMG_0405-300x225.jpg 300w, https:\/\/szkolenia-ems.pl\/wp-content\/uploads\/2025\/06\/IMG_0405-768x576.jpg 768w, https:\/\/szkolenia-ems.pl\/wp-content\/uploads\/2025\/06\/IMG_0405-1536x1152.jpg 1536w, https:\/\/szkolenia-ems.pl\/wp-content\/uploads\/2025\/06\/IMG_0405-2048x1536.jpg 2048w\" sizes=\"auto, (max-width: 1024px) 100vw, 1024px\" \/><\/figure><div class=\"wp-block-media-text__content\">\n<p class=\"has-text-align-center has-large-font-size\"><a href=\"https:\/\/szkolenia-ems.pl\/index.php\/2025\/05\/21\/szkolenia-online-i-hybrydowe\/\">Szkolenia dla os\u00f3b indywidualnych<\/a><\/p>\n<\/div><\/div>\n\n\n\n<p><\/p>\n","protected":false},"excerpt":{"rendered":"<p>Szkolenia dla Firm i Instytucji Szkolenia z pierwszej pomocy pediatrycznej dla opiekun\u00f3w dzieci w \u017c\u0142obkach, klubach dzieci\u0119cych i przedszkolach Szkolenia dla os\u00f3b indywidualnych<\/p>\n","protected":false},"author":1,"featured_media":0,"parent":0,"menu_order":0,"comment_status":"closed","ping_status":"closed","template":"","meta":{"footnotes":""},"class_list":["post-300","page","type-page","status-publish","hentry"],"_links":{"self":[{"href":"https:\/\/szkolenia-ems.pl\/index.php\/wp-json\/wp\/v2\/pages\/300","targetHints":{"allow":["GET"]}}],"collection":[{"href":"https:\/\/szkolenia-ems.pl\/index.php\/wp-json\/wp\/v2\/pages"}],"about":[{"href":"https:\/\/szkolenia-ems.pl\/index.php\/wp-json\/wp\/v2\/types\/page"}],"author":[{"embeddable":true,"href":"https:\/\/szkolenia-ems.pl\/index.php\/wp-json\/wp\/v2\/users\/1"}],"replies":[{"embeddable":true,"href":"https:\/\/szkolenia-ems.pl\/index.php\/wp-json\/wp\/v2\/comments?post=300"}],"version-history":[{"count":5,"href":"https:\/\/szkolenia-ems.pl\/index.php\/wp-json\/wp\/v2\/pages\/300\/revisions"}],"predecessor-version":[{"id":389,"href":"https:\/\/szkolenia-ems.pl\/index.php\/wp-json\/wp\/v2\/pages\/300\/revisions\/389"}],"wp:attachment":[{"href":"https:\/\/szkolenia-ems.pl\/index.php\/wp-json\/wp\/v2\/media?parent=300"}],"curies":[{"name":"wp","href":"https:\/\/api.w.org\/{rel}","templated":true}]}}