{"id":303,"date":"2025-06-06T08:01:55","date_gmt":"2025-06-06T08:01:55","guid":{"rendered":"https:\/\/szkolenia-ems.pl\/?page_id=303"},"modified":"2025-06-08T21:08:22","modified_gmt":"2025-06-08T21:08:22","slug":"oferta-warsztatow-z-pierwszej-pomocy","status":"publish","type":"page","link":"https:\/\/szkolenia-ems.pl\/index.php\/oferta-warsztatow-z-pierwszej-pomocy\/","title":{"rendered":"OFERTA WARSZTAT\u00d3W Z PIERWSZEJ POMOCY"},"content":{"rendered":"\n<div class=\"wp-block-media-text is-stacked-on-mobile has-accent-5-background-color has-background\"><figure class=\"wp-block-media-text__media\"><img loading=\"lazy\" decoding=\"async\" width=\"768\" height=\"1024\" src=\"http:\/\/szkolenia-ems.pl\/wp-content\/uploads\/2025\/06\/IMG_0481-768x1024.jpg\" alt=\"\" class=\"wp-image-371 size-full\" srcset=\"https:\/\/szkolenia-ems.pl\/wp-content\/uploads\/2025\/06\/IMG_0481-768x1024.jpg 768w, https:\/\/szkolenia-ems.pl\/wp-content\/uploads\/2025\/06\/IMG_0481-225x300.jpg 225w, https:\/\/szkolenia-ems.pl\/wp-content\/uploads\/2025\/06\/IMG_0481-1152x1536.jpg 1152w, https:\/\/szkolenia-ems.pl\/wp-content\/uploads\/2025\/06\/IMG_0481-1536x2048.jpg 1536w, https:\/\/szkolenia-ems.pl\/wp-content\/uploads\/2025\/06\/IMG_0481-scaled.jpg 1920w\" sizes=\"auto, (max-width: 768px) 100vw, 768px\" \/><\/figure><div class=\"wp-block-media-text__content\">\n<p class=\"has-text-align-center has-large-font-size\"><a href=\"https:\/\/szkolenia-ems.pl\/index.php\/2025\/05\/21\/zajecia-i-pokazy-dla-dzieci-i-mlodziezy\/\">Warsztaty dla przedszkolak\u00f3w<\/a><\/p>\n<\/div><\/div>\n\n\n\n<div class=\"wp-block-media-text is-stacked-on-mobile has-accent-5-background-color has-background\"><figure class=\"wp-block-media-text__media\"><img loading=\"lazy\" decoding=\"async\" width=\"768\" height=\"1024\" src=\"http:\/\/szkolenia-ems.pl\/wp-content\/uploads\/2025\/06\/IMG_0482-768x1024.jpg\" alt=\"\" class=\"wp-image-370 size-full\" srcset=\"https:\/\/szkolenia-ems.pl\/wp-content\/uploads\/2025\/06\/IMG_0482-768x1024.jpg 768w, https:\/\/szkolenia-ems.pl\/wp-content\/uploads\/2025\/06\/IMG_0482-225x300.jpg 225w, https:\/\/szkolenia-ems.pl\/wp-content\/uploads\/2025\/06\/IMG_0482-1152x1536.jpg 1152w, https:\/\/szkolenia-ems.pl\/wp-content\/uploads\/2025\/06\/IMG_0482-1536x2048.jpg 1536w, https:\/\/szkolenia-ems.pl\/wp-content\/uploads\/2025\/06\/IMG_0482-scaled.jpg 1920w\" sizes=\"auto, (max-width: 768px) 100vw, 768px\" \/><\/figure><div class=\"wp-block-media-text__content\">\n<p class=\"has-text-align-center has-large-font-size\"><a href=\"https:\/\/szkolenia-ems.pl\/index.php\/2025\/05\/21\/zabezpieczenia-medyczne-imprez\/\">Warsztaty dla uczni\u00f3w szk\u00f3\u0142 podstawowych<\/a><\/p>\n<\/div><\/div>\n\n\n\n<div class=\"wp-block-media-text is-stacked-on-mobile has-accent-5-background-color has-background\"><figure class=\"wp-block-media-text__media\"><img loading=\"lazy\" decoding=\"async\" width=\"1024\" height=\"768\" src=\"http:\/\/szkolenia-ems.pl\/wp-content\/uploads\/2025\/06\/IMG_0483-1-1024x768.jpg\" alt=\"\" class=\"wp-image-369 size-full\" srcset=\"https:\/\/szkolenia-ems.pl\/wp-content\/uploads\/2025\/06\/IMG_0483-1-1024x768.jpg 1024w, https:\/\/szkolenia-ems.pl\/wp-content\/uploads\/2025\/06\/IMG_0483-1-300x225.jpg 300w, https:\/\/szkolenia-ems.pl\/wp-content\/uploads\/2025\/06\/IMG_0483-1-768x576.jpg 768w, https:\/\/szkolenia-ems.pl\/wp-content\/uploads\/2025\/06\/IMG_0483-1-1536x1152.jpg 1536w, https:\/\/szkolenia-ems.pl\/wp-content\/uploads\/2025\/06\/IMG_0483-1-2048x1536.jpg 2048w\" sizes=\"auto, (max-width: 1024px) 100vw, 1024px\" \/><\/figure><div class=\"wp-block-media-text__content\">\n<p class=\"has-text-align-center has-large-font-size\"><a href=\"https:\/\/szkolenia-ems.pl\/index.php\/2025\/05\/21\/szkolenia-z-obslugi-aed-defibrylatora\/\">Warsztaty dla uczni\u00f3w szk\u00f3\u0142 ponadpodstawowych<\/a><\/p>\n<\/div><\/div>\n\n\n\n<div class=\"wp-block-media-text is-stacked-on-mobile has-accent-5-background-color has-background\"><figure class=\"wp-block-media-text__media\"><img loading=\"lazy\" decoding=\"async\" width=\"1024\" height=\"768\" src=\"http:\/\/szkolenia-ems.pl\/wp-content\/uploads\/2025\/06\/IMG_0423-1024x768.jpg\" alt=\"\" class=\"wp-image-333 size-full\" srcset=\"https:\/\/szkolenia-ems.pl\/wp-content\/uploads\/2025\/06\/IMG_0423-1024x768.jpg 1024w, https:\/\/szkolenia-ems.pl\/wp-content\/uploads\/2025\/06\/IMG_0423-300x225.jpg 300w, https:\/\/szkolenia-ems.pl\/wp-content\/uploads\/2025\/06\/IMG_0423-768x576.jpg 768w, https:\/\/szkolenia-ems.pl\/wp-content\/uploads\/2025\/06\/IMG_0423-1536x1152.jpg 1536w, https:\/\/szkolenia-ems.pl\/wp-content\/uploads\/2025\/06\/IMG_0423-2048x1536.jpg 2048w\" sizes=\"auto, (max-width: 1024px) 100vw, 1024px\" \/><\/figure><div class=\"wp-block-media-text__content\">\n<p class=\"has-text-align-center has-large-font-size\"><a href=\"https:\/\/szkolenia-ems.pl\/index.php\/2025\/06\/08\/warsztaty-dla-dzieci-i-osob-doroslych-na-imprezach-plenerowych-festynach-piknikach\/\">Warsztaty dla dzieci i os\u00f3b doros\u0142ych na imprezach plenerowych, festynach, piknikach<\/a><\/p>\n<\/div><\/div>\n\n\n\n<p><\/p>\n","protected":false},"excerpt":{"rendered":"<p>Warsztaty dla przedszkolak\u00f3w Warsztaty dla uczni\u00f3w szk\u00f3\u0142 podstawowych Warsztaty dla uczni\u00f3w szk\u00f3\u0142 ponadpodstawowych Warsztaty dla dzieci i os\u00f3b doros\u0142ych na imprezach plenerowych, festynach, piknikach<\/p>\n","protected":false},"author":1,"featured_media":0,"parent":0,"menu_order":0,"comment_status":"closed","ping_status":"closed","template":"","meta":{"footnotes":""},"class_list":["post-303","page","type-page","status-publish","hentry"],"_links":{"self":[{"href":"https:\/\/szkolenia-ems.pl\/index.php\/wp-json\/wp\/v2\/pages\/303","targetHints":{"allow":["GET"]}}],"collection":[{"href":"https:\/\/szkolenia-ems.pl\/index.php\/wp-json\/wp\/v2\/pages"}],"about":[{"href":"https:\/\/szkolenia-ems.pl\/index.php\/wp-json\/wp\/v2\/types\/page"}],"author":[{"embeddable":true,"href":"https:\/\/szkolenia-ems.pl\/index.php\/wp-json\/wp\/v2\/users\/1"}],"replies":[{"embeddable":true,"href":"https:\/\/szkolenia-ems.pl\/index.php\/wp-json\/wp\/v2\/comments?post=303"}],"version-history":[{"count":7,"href":"https:\/\/szkolenia-ems.pl\/index.php\/wp-json\/wp\/v2\/pages\/303\/revisions"}],"predecessor-version":[{"id":391,"href":"https:\/\/szkolenia-ems.pl\/index.php\/wp-json\/wp\/v2\/pages\/303\/revisions\/391"}],"wp:attachment":[{"href":"https:\/\/szkolenia-ems.pl\/index.php\/wp-json\/wp\/v2\/media?parent=303"}],"curies":[{"name":"wp","href":"https:\/\/api.w.org\/{rel}","templated":true}]}}